{"id":37,"date":"2026-03-05T11:36:47","date_gmt":"2026-03-05T11:36:47","guid":{"rendered":"https:\/\/arte-women.de\/?page_id=37"},"modified":"2026-03-10T09:44:57","modified_gmt":"2026-03-10T09:44:57","slug":"37-2","status":"publish","type":"page","link":"https:\/\/arte-women.de\/?page_id=37","title":{"rendered":"Impressum"},"content":{"rendered":"<p class=\"isSelectedEnd\"><strong>Name des Vereins<\/strong><br \/>\n<span class=\"text-token-text-primary cursor-text rounded-sm\" data-placeholder-token=\"true\">Artemis \u2013<\/span> Frauen- und M\u00e4dchentreff e. V.<\/p>\n<p class=\"isSelectedEnd\"><strong>Vorstandsfrauen<\/strong><br \/>\n<span class=\"text-token-text-primary cursor-text rounded-sm\" data-placeholder-token=\"true\">Petra Franz-Baudisch und Sandra Giel<\/span><\/p>\n<p class=\"isSelectedEnd\"><strong>Adresse<\/strong><\/p>\n<p class=\"moz-signature\">ARTEMIS Frauen-und M\u00e4dchentreff e.V.<br \/>\nPestalozzistra\u00dfe 2<br \/>\n67304 Eisenberg<\/p>\n<p class=\"isSelectedEnd\">\nDeutschland<\/p>\n<p class=\"isSelectedEnd\"><strong>Kontakt<br \/>\n<\/strong>Petra Franz-Baudisch<br \/>\nTelefon: 0 63 02 \u2013 60 60 317<br \/>\nE-Mail: <span class=\"text-token-text-primary cursor-text rounded-sm\" data-placeholder-token=\"true\"><a class=\"moz-txt-link-abbreviated moz-txt-link-freetext\" href=\"mailto:artemis-eisenberg@mail.de\">artemis-eisenberg@mail.de<\/a><\/span><br \/>\nWebsite: https:\/\/arte-women.de<\/p>\n<p class=\"isSelectedEnd\"><strong>Registereintrag<br \/>\n<\/strong>Amtsgericht Kaiserslautern; Vereinregister-Nr. 11729<\/p>\n<p class=\"isSelectedEnd\"><strong>Gemeinn\u00fctzigkeit<\/strong><br \/>\nDer Verein ist als gemeinn\u00fctzig anerkannt durch das Finanzamt<\/p>\n<p><strong>Verantwortlich f\u00fcr den Inhalt nach \u00a7 18 Abs. 2 MStV<\/strong><br \/>\n<span class=\"text-token-text-primary cursor-text rounded-sm\" data-placeholder-token=\"true\">Petra Franz-Baudisch<br \/>\n<\/span><span class=\"text-token-text-primary cursor-text rounded-sm\" data-placeholder-token=\"true\">P<\/span>estalozzistra\u00dfe 2<br \/>\n67304 Eisenberg<\/p>\n<p>&nbsp;<\/p>\n","protected":false},"excerpt":{"rendered":"<p>Name des Vereins Artemis \u2013 Frauen- und M\u00e4dchentreff e. V. Vorstandsfrauen Petra Franz-Baudisch und Sandra Giel Adresse ARTEMIS Frauen-und M\u00e4dchentreff e.V. Pestalozzistra\u00dfe 2 67304 Eisenberg Deutschland Kontakt Petra Franz-Baudisch Telefon: 0 63 02 \u2013 60 60 317 E-Mail: artemis-eisenberg@mail.de Website: https:\/\/arte-women.de Registereintrag Amtsgericht Kaiserslautern; Vereinregister-Nr. 11729 Gemeinn\u00fctzigkeit Der Verein ist als gemeinn\u00fctzig anerkannt durch das [&hellip;]<\/p>\n","protected":false},"author":1,"featured_media":0,"parent":7,"menu_order":0,"comment_status":"closed","ping_status":"closed","template":"","meta":{"footnotes":""},"class_list":["post-37","page","type-page","status-publish","hentry"],"_links":{"self":[{"href":"https:\/\/arte-women.de\/index.php?rest_route=\/wp\/v2\/pages\/37","targetHints":{"allow":["GET"]}}],"collection":[{"href":"https:\/\/arte-women.de\/index.php?rest_route=\/wp\/v2\/pages"}],"about":[{"href":"https:\/\/arte-women.de\/index.php?rest_route=\/wp\/v2\/types\/page"}],"author":[{"embeddable":true,"href":"https:\/\/arte-women.de\/index.php?rest_route=\/wp\/v2\/users\/1"}],"replies":[{"embeddable":true,"href":"https:\/\/arte-women.de\/index.php?rest_route=%2Fwp%2Fv2%2Fcomments&post=37"}],"version-history":[{"count":7,"href":"https:\/\/arte-women.de\/index.php?rest_route=\/wp\/v2\/pages\/37\/revisions"}],"predecessor-version":[{"id":54,"href":"https:\/\/arte-women.de\/index.php?rest_route=\/wp\/v2\/pages\/37\/revisions\/54"}],"up":[{"embeddable":true,"href":"https:\/\/arte-women.de\/index.php?rest_route=\/wp\/v2\/pages\/7"}],"wp:attachment":[{"href":"https:\/\/arte-women.de\/index.php?rest_route=%2Fwp%2Fv2%2Fmedia&parent=37"}],"curies":[{"name":"wp","href":"https:\/\/api.w.org\/{rel}","templated":true}]}}